{"id":31,"date":"2023-08-28T17:40:49","date_gmt":"2023-08-28T15:40:49","guid":{"rendered":"https:\/\/geistige-steinwueste.de\/?page_id=31"},"modified":"2023-10-04T18:03:24","modified_gmt":"2023-10-04T16:03:24","slug":"weisheiten","status":"publish","type":"page","link":"https:\/\/geistige-steinwueste.de\/index.php\/weisheiten\/","title":{"rendered":"Weisheiten"},"content":{"rendered":"<p>Im gegensatz zum Archiv, gibts hier die blanken Weisheiten.<br \/>\nAm Ende sind bei einigen die Timestamps verloren gegangen und paar von den Alten fehlen ganz, aber wir erfreuen uns einfach an dem was wir haben.<\/p>\n<ul>\n<li>44\/23 Wenn die Felder keine Frucht tragen, ernten auch die Heiligen nicht.<\/li>\n<li>34\/22 Erinnerungen sind sch\u00f6n, aber erst durch das Vergessen werden sie ertr\u00e4glich.<\/li>\n<li>05\/22 Lass dir nicht von anderen den Tag verderben, sei ein echter Mann und versau ihn dir selber!<\/li>\n<li>03\/22 Man muss auch Fuchs sein, nicht nur einen buschigen Schwanz haben.<\/li>\n<li>49\/21 Faulheit ist die Kunst, sich auszuruhen, bevor man m\u00fcde wird.<\/li>\n<li>45\/21 Ein Optimist ist ein Mensch, der die Dinge nicht so tragisch nimmt, wie sie sind. &#8211; Karl Valentin<\/li>\n<li>44\/21 \u00dcberall ist es w\u00e4rmer als im Kapitalismus.<\/li>\n<li>43\/21 Nur weil die Welt schlecht ist, muss sie ja nicht h\u00e4sslich sein.<\/li>\n<li>39\/21 Das Problem ist, dass man f\u00fcr den Frieden immer zwei Leute braucht, f\u00fcr den Krieg nur einen.<\/li>\n<li>35\/21 Du musst nichts gewinnen, um einen Pokal zu bekommen, du kannst auch einfach in den Laden gehen und dir einen kaufen!<\/li>\n<li>34\/21 Eine gute Zeit sollte man teilen, nicht einteilen.<\/li>\n<li>26\/21 A clean house is a sign of a wasted life.<\/li>\n<li>22\/21 Ein Stein fliegt immer nur soweit wie man ihn wirft.<\/li>\n<li>19\/21 Du musst mit der Zeit gehen oder du musst mit der Zeit gehen.<\/li>\n<li>16\/21 Wenn du nicht mehr weiter wei\u00dft, dann bilde einen Arbeitskreis.<\/li>\n<li>14\/21 Man muss die Welt nicht verstehen, man muss sich nur in ihr zurechtfinden. &#8211; Albert Einstein<\/li>\n<li>13\/21 Umfallen ist wie hinlegen, nur schneller.<\/li>\n<li>10\/21 Wenn du ne Stunde mit nem Schwein im Schlamm ringst, merkst du irgendwann, dem Schwein macht es mehr Spa\u00df als dir.<\/li>\n<li>09\/21 Je mehr man versteht, desto deprimierter wird man. &#8211; Dostojewski<\/li>\n<li>07\/21 Hoffen hei\u00dft, vom Leben falsche Vorstellungen zu haben. &#8211; Gottfried Ben<\/li>\n<li>04\/21 K\u00fcmmere dich nicht um den Beifall von Leuten, die du nicht kennst oder die du verachtest. &#8211; Leo Tolstoi<\/li>\n<li>03\/21 Schreibe niemals der B\u00f6sartigkeit zu, was ausreichend durch Dummheit erkl\u00e4rt werden kann. &#8211; Hanlon\u2019s Razor<\/li>\n<li>02\/21 Es gibt nicht zu viel Bier, nur zu wenig Zeit um wieder n\u00fcchtern zu werden.<\/li>\n<li>51\/20 Der Anblick von Frauen ist schlie\u00dflich von den G\u00f6ttern daf\u00fcr gedacht, den Mann zu erfreuen.<\/li>\n<li>49\/20 Die Macht ist auf der einen, der Gehorsam auf der anderen Seite.<\/li>\n<li>45\/20 Repetitive Ausf\u00fchrung der physischen Konnektion textiler Stoffe erh\u00f6ht deren Resistenz.<\/li>\n<li>44\/20 Von uninformiert ist es nicht weit bis zu uniformiert.<\/li>\n<li>42\/20 Wer das Wort &#8222;Stehtischhussen&#8220; kennt, ist schon Teil eines gr\u00f6\u00dferen Problems.<\/li>\n<li>40\/20 Das Bl\u00fctenblatt im Wind kennt seine Rolle im Sturm nicht.<\/li>\n<li>34\/20 Wer morgens zerknittert aufsteht, hat den ganzen Tag viele M\u00f6glichkeiten zur Entfaltung.<\/li>\n<li>33\/20 Filter Coffee not People<\/li>\n<li>32\/20 Denn der fahrende Ritter ohne Liebe sei ein Baum ohne Bl\u00e4tter und Frucht, ein K\u00f6rper ohne Seele &#8211; Miguel de Cervantes<\/li>\n<li>31\/20 Wahrheit ist wie Poesie. Und die meisten Menschen hassen Poesie. &#8211; The Big Short<\/li>\n<li>30\/20 Die Summe der Intelligenz auf diesem Planeten ist konstant. Die Bev\u00f6lkerung w\u00e4chst! &#8211; Willy Meurer<\/li>\n<li>29\/20 Die Khmer sind das einzige Volk mit einer eigenen Wirtschaftspolitik, dem Khmerkantilismus.<\/li>\n<li>28\/20 Gegen das Konstrukt von Volk, Nation und Rasse! F\u00fcr uns gibts nur eins: Klasse gegen Klasse!<\/li>\n<li>27\/20 Ich brauche keinen Abf\u00fchrtee um mich leer zu f\u00fchlen. &#8211; Apothekenwerbung<\/li>\n<li>26\/20 Viele Menschen orientieren sich an konservativen Werten. Nicht weil sie gut, sondern lediglich weil sie alt sind.<\/li>\n<li>25\/20 Nur weil ich nichts mache, bedeutet das nicht, dass ich nichts kann.<\/li>\n<li>24\/20 Frauen sind das einzige und gr\u00f6\u00dfte Problem, das diese Welt heute hat. &#8211; Al Bundy<\/li>\n<li>21\/20 Wer von seinem Tag nicht zwei Drittel f\u00fcr sich selbst hat, ist ein Sklave. &#8211; Friedrich Nietzsche<\/li>\n<li>20\/20 Sch\u00f6nheit ist verg\u00e4nglich, Beton nicht.<\/li>\n<li>19\/20 Es ist besser, wohnen im w\u00fcsten Lande, denn bei einem z\u00e4nkischen und zornigen Weibe. &#8211; Spr\u00fcche 21:19<\/li>\n<li>17\/20 Wozu noch Sommerurlaub? Palme ins Zimmer und Mickie Krause an, fertig!<\/li>\n<li>16\/20 Live long enough, and all lies crumble to dust.<\/li>\n<li>15\/20 Ein Schwert zweifelt nicht an den Motiven der Hand, die es schwingt.<\/li>\n<li>14\/20 Der vorstehende Nagel wird am kr\u00e4ftigsten eingeh\u00e4mmert.<\/li>\n<li>13\/20 Die Normativit\u00e4t des Faktischen. Es geschieht, also akzeptieren wir es.<\/li>\n<li>12\/20 Der Mensch darf als Soldat Christi nicht desertieren.<\/li>\n<li>11\/20 Analverkehr und Romantik sind kombinierbar.<\/li>\n<li>07\/20 Krieg ist ein gutes Gesch\u00e4ft, investieren Sie Ihren Sohn! &#8211; US-Transparent ggn den Vietnamkrieg<\/li>\n<li>06\/20 Wir betr\u00fcgen uns so h\u00e4ufig selbst, dass wir davon unseren Lebensunterhalt bestreiten k\u00f6nnten.<\/li>\n<li>05\/20 Bisexuality immediately doubles your chances for a date on Saturday night.<\/li>\n<li>02\/20 Omnis Vita servitium est &#8211; alles Leben ist Knechtschaft &#8211; Seneca<\/li>\n<li>51\/19 Ein Problem erkannt zu haben, ist der erste Schritt, es in Zukunft ignorieren zu k\u00f6nnen.<\/li>\n<li>51\/19 Man muss nicht besser kochen k\u00f6nnen als der Koch, um das Essen schei\u00dfe zu finden.<\/li>\n<li>45\/19 Gr\u00fcnt die Esche vor der Eiche, gibt&#8217;s im Sommer eine Bleiche.<\/li>\n<li>44\/19 Essen und Beischlaf sind die beiden gro\u00dfen Begierden des Mannes. &#8211; Konfuzius<\/li>\n<li>38\/19 Wer die Hand an den Pflug legt und sieht zur\u00fcck, der ist nicht geschickt f\u00fcr das Reich Gottes! &#8211; Lukas 9:62<\/li>\n<li>38\/19 Ein System in Hom\u00f6ostase ist ein Hom\u00f6ostat.<\/li>\n<li>34\/19 Neben der edlen Kunst Dinge zu verrichten, gibt es die edle Kunst, Dinge unverrichtet zu lassen.<\/li>\n<li>33\/19 Betrunkene sind besten Philosophen, haben selten Recht, doch sagen immer die Wahrheit. &#8211; Prezident<\/li>\n<\/ul>\n<ul>\n<li>Der Sommer naht &#8211; kauft mehr Draht!<\/li>\n<li>Besser einen sitzen haben und nicht mehr stehen k\u00f6nnen, als einen stehen haben und nicht sitzen k\u00f6nnen.<\/li>\n<li>Die Kapitalisten werden uns noch den Strick verkaufen, mit dem wir sie aufkn\u00fcpfen.<\/li>\n<li>Die jungen haben den alten gegen\u00fcber einen Vorteil, sie d\u00fcrfen ihre eigenen Fehler l\u00e4nger erleben.<\/li>\n<li>Jeder ist seines eignen Gl\u00fcckes Schmied, auch wenn es weit und breit kein Eisen gibt.<\/li>\n<li>Wir alle leben unter dem selben Himmel, aber wir haben nicht alle den selben Horizont.<\/li>\n<li>Wenn dich der Zorn durchs Leben leitet, ist das einzige, was dich erl\u00f6sen kann, der Tod oder die Liebe.<\/li>\n<li>Betrunken f\u00e4llt n\u00fcchtern sein besonders schwer.<\/li>\n<li>Tod all jenen, die der Freiheit der Arbeitenden im Wege stehen! &#8211; Machno &#8211;<\/li>\n<li>Kein Schmerz ist gr\u00f6\u00dfer, als sich der Zeit des Gl\u00fcckes zu erinnern.<\/li>\n<li>Und hab ich den Tag nicht viel geschafft, so hat der Tag doch mich geschafft.<\/li>\n<li>Am Fu\u00dfe des Leuchturms ist es am dunkelsten.<\/li>\n<li>Masturbation dont break your heart.<\/li>\n<li>Die Erfahrung zeigt, dass man mindestens 20% der guten Ratschl\u00e4ge besser selbst umsetzt, als sie anderen mit auf den Weg zu geben. Sollte einiges im Leben einfacher machen.<\/li>\n<li>Life sucks if your GF doesnt.<\/li>\n<li>Kapitalismus ist wie Lotto spielen, jeder kann reich werden, aber eben nicht alle.<\/li>\n<li>Protest ist, wenn ich sage, das und das pa\u00dft mir nicht. Widerstand ist, wenn ich daf\u00fcr sorge, da\u00df das, was mir nicht pa\u00dft, nicht l\u00e4nger geschieht. Protest ist, wenn ich sage, ich mache nicht mehr mit. Widerstand ist, wenn ich daf\u00fcr sorge, da\u00df alle andern auch nicht mehr mitmachen.<\/li>\n<li>Sie sagen, arm ist das Land, das keine Helden hat. Ich sage, arm ist das Land, das welche braucht.<\/li>\n<li>Jeder m\u00f6chte spielen, aber nur wenige k\u00f6nnen gewinnen.<\/li>\n<li>Wenn es in die Suppe hagelt, ist das Dach nicht gut vernagelt.<\/li>\n<li>Ich mag diesen einen Typen, der ausspricht was alle denken, n\u00e4mlich nichts.<\/li>\n<li>Zeit ist nicht nur Geld, Arbeit ist nicht Leben.<\/li>\n<li>Je mehr du wiegst, desto schwerer bist du zu entf\u00fchren. Sch\u00fctz dich selbst und iss Torte.<\/li>\n<li>Manche Menschen sind so treu, dass sie selbst dann keinen Sex mit einem anderen Menschen haben, wenn sie keinen Partner haben.<\/li>\n<li>Mitleid t\u00f6tet auch nicht schlechter als Hass.<\/li>\n<li>Kurz vor der Dunkelheit ist es immer am hellsten.<\/li>\n<li>Chuck Norris hat das Happy Meal zum weinen gebracht.<\/li>\n<li>Der Ostwind ist immer kalt, egal aus welcher Richtung er weht.<\/li>\n<li>Wenn der Dreck schon in den K\u00f6pfen ist, hilft auch kein Besen mehr.<\/li>\n<li>Auch das Pissen in den Wind verschafft Erleichterung.<\/li>\n<li>Das Gl\u00fcck der Erde Liegt auf dem R\u00fccken der Pferde.<\/li>\n<li>Wenn du das Fa\u00df haben kannst, l\u00e4sst du den Krug stehen.<\/li>\n<li>Die einzigen die nachts um 3 noch wach sind, sind entweder verliebt, einsam oder betrunken, oder alles zusammen.<\/li>\n<li>Wenn man einen Abgabetermin hat, sollte man immer bis zum letzten moment warten, denn bis dahin ist man \u00e4lter und entsprechend weiser.<\/li>\n<li>Am Ende z\u00e4hlen nur die Menschen, denen man auf die Frage &#8222;Alles okay bei dir?&#8220; mit der Wahrheit antwortet.<\/li>\n<li>Der Fuchs ist schlau und stellt sich dumm, beim Wessi ist es andersrum.<\/li>\n<li>Die Wohnung bleibt beim Bohren von D\u00fcbell\u00f6chern staubfrei, wenn Sie die Wand vorher in den Garten tragen.<\/li>\n<li>Der Vorteil am dauersinglesein &#8211; Niemand geht dir auf den Sack. Der Nachteil &#8211; Niemand geht dir an den Sack.<\/li>\n<li>Der beste Platz f\u00fcr Politiker ist das Wahlplakat. Dort ist er tragbar, ger\u00e4uschlos und leicht zu entfernen.<\/li>\n<li>Seine eigenen Fehler muss man nicht suchen, das \u00fcbernimmt gern der Rest der Welt.<\/li>\n<li>Ich bin durchaus nicht zynisch, ich habe nur meine Erfahrungen, was allerdings ungef\u00e4hr auf dasselbe hinauskommt.<\/li>\n<li>Wenn du dich wie ein Hammer f\u00fchlst, wirken all deine Probleme wie N\u00e4gel.<\/li>\n<li>Wer sich nicht bewegt sp\u00fchrt seine Fesseln nicht.<\/li>\n<li>Wenn die SItuation aussichtslos ist, dann gib auf. Denn auch der kleinste Funken Hoffnung, l\u00e4sst die Verzweiflung wachsen.<\/li>\n<li>Du musst deine H\u00e4nde \u00f6ffnen, wenn Du Wasser sch\u00f6pfen willst &#8211; mit geballten H\u00e4nden erreichst Du nichts.<\/li>\n<li>Die Vorteile des Einzelnen und die Vorteile der Gemeinschaft sind nur in den wenigsten F\u00e4llen die Gleichen.<\/li>\n<li>Wenn dein Leben dir zu bunt ist, lass die Dunkelheit in dein Herz. Die Farben verblassen, aber du lernst Millionen von Graut\u00f6nen kennen.<\/li>\n<li>Auch mit den Augen zu bleibt Schei\u00dfe immer noch Schei\u00dfe!<\/li>\n<li>Zeit heilt niemals Wunden. Sie schafft h\u00f6chstens Andere, die schmerzhafter sind und bestehende \u00fcberdecken.<\/li>\n<li>Ich lasse manchen Menschen das schlechte Bild das sie von mir haben. Dann haben sie ihren Willen und ich meine Ruhe!<\/li>\n<li>Probleme werden nicht wie Dreck vom Regen weggesp\u00fchlt.<\/li>\n<li>Manche Menschen k\u00f6nnen sich nur sch\u00f6pferisch bet\u00e4tigen, wenn Sie Hochwasser im Keller haben.<\/li>\n<li>Egal wie viel du frei hast, Nutten haben freier.<\/li>\n<li>Was trinken F\u00fchrungskr\u00e4fte? Leitungswasser.<\/li>\n<li>Alle Hoffnung dient nur dazu ent\u00e4uscht zu werden.<\/li>\n<li>Wenn du Fr\u00fchst\u00fcck im Bett haben willst, dann schlaf doch in der K\u00fcche.<\/li>\n<li>Ein jedes Jahr hat seinen Sinn, es ist wie&#8217;s ist, man nimmt es hin.<\/li>\n<li>Beamte sind f\u00fcr Eingaben zust\u00e4ndig, nicht f\u00fcr Eingebungen.<\/li>\n<li>Es gibt Spielregeln und Menschen die sich an diese Spielregeln halten. Letztere nennt man Verlierer.<\/li>\n<li>Wenn die Frucht reif ist, neigt sich der Ast.<\/li>\n<li>Wer f\u00fcr die Geliebte stirbt, wird sp\u00e4ter ein romantischer Geist.<\/li>\n<li>Keiner ist unn\u00fctz, er kann immer noch als schlechtes Beispiel dienen.<\/li>\n<li>Schmutziges Geschirr schimmelt nicht, wenn man es in der Gefriertruhe aufbewahrt!<\/li>\n<li>Man kann M\u00fcll nicht trennen! &#8211; M\u00fcll hat nur eine Silbe.<\/li>\n<li>Warum steht der Student immer schon um 7 auf? Weil um 8 die Kaufhalle zu macht.<\/li>\n<li>Vegetarier sind so grausam! Schweine k\u00f6nnen wenigstens weglaufen, Salate nicht!<\/li>\n<li>Shit happens, nur die Rollen wechseln. Manchmal bist du die Taube, doch viel \u00f6fter bist du das Denkmal.<\/li>\n<li>Alkohol l\u00f6st keine Probleme, Wasser aber auch nicht.<\/li>\n<li>Wenn du einen Regenschirm im Arsch stecken hast, spann ihn nicht auf.<\/li>\n<li>Unten ist genau wie oben, nur parallel zu sich verschoben.<\/li>\n<li>Heute mal etwas f\u00fcr alle Figurbedachten, wenn ihr mit dem Kopf gegen die Wand schlagt verbraucht das pro Stunde 150 Kalorien. Wenn ich euch morgen alle mit Beulen sehe, weis ich warum.<\/li>\n<li>Der Auss\u00e4tzige mag sich jucken, unsere Haut ist gesund.<\/li>\n<\/ul>\n","protected":false},"excerpt":{"rendered":"<p>Im gegensatz zum Archiv, gibts hier die blanken Weisheiten. Am Ende sind bei einigen die Timestamps verloren gegangen und paar von den Alten fehlen ganz, aber wir erfreuen uns einfach an dem was wir haben. 44\/23 Wenn die Felder keine Frucht tragen, ernten auch die Heiligen nicht. 34\/22 Erinnerungen sind sch\u00f6n, aber erst durch das [&hellip;]<\/p>\n","protected":false},"author":2,"featured_media":0,"parent":0,"menu_order":0,"comment_status":"closed","ping_status":"closed","template":"","meta":{"footnotes":""},"class_list":["post-31","page","type-page","status-publish","czr-hentry"],"_links":{"self":[{"href":"https:\/\/geistige-steinwueste.de\/index.php\/wp-json\/wp\/v2\/pages\/31","targetHints":{"allow":["GET"]}}],"collection":[{"href":"https:\/\/geistige-steinwueste.de\/index.php\/wp-json\/wp\/v2\/pages"}],"about":[{"href":"https:\/\/geistige-steinwueste.de\/index.php\/wp-json\/wp\/v2\/types\/page"}],"author":[{"embeddable":true,"href":"https:\/\/geistige-steinwueste.de\/index.php\/wp-json\/wp\/v2\/users\/2"}],"replies":[{"embeddable":true,"href":"https:\/\/geistige-steinwueste.de\/index.php\/wp-json\/wp\/v2\/comments?post=31"}],"version-history":[{"count":6,"href":"https:\/\/geistige-steinwueste.de\/index.php\/wp-json\/wp\/v2\/pages\/31\/revisions"}],"predecessor-version":[{"id":117,"href":"https:\/\/geistige-steinwueste.de\/index.php\/wp-json\/wp\/v2\/pages\/31\/revisions\/117"}],"wp:attachment":[{"href":"https:\/\/geistige-steinwueste.de\/index.php\/wp-json\/wp\/v2\/media?parent=31"}],"curies":[{"name":"wp","href":"https:\/\/api.w.org\/{rel}","templated":true}]}}