{"id":38,"date":"2023-07-13T18:01:51","date_gmt":"2023-07-13T16:01:51","guid":{"rendered":"https:\/\/geistige-steinwueste.de\/?page_id=38"},"modified":"2023-07-13T18:01:51","modified_gmt":"2023-07-13T16:01:51","slug":"message-box","status":"publish","type":"page","link":"https:\/\/geistige-steinwueste.de\/index.php\/message-box\/","title":{"rendered":"Message Box"},"content":{"rendered":"<p>Ihr habt Themenvorschl\u00e4ge \u00fcber die Ihr gern mal was lesen m\u00f6chtet?<br \/>\nDann bitte einfach ne kurze Einordnung des Themas in zwei &#8211; drei S\u00e4tzen und nen Quell Link dazu.<br \/>\nEure Vorschl\u00e4ge bleiben anonym und bitte seid mir nicht b\u00f6s, wenn ich nicht jedes Thema aufgreife, ich nehm sie definitiv zur Kenntnis.<\/p>\n<p>Au\u00dferdem geht mir nach \u00fcber 100 Weisheiten auch langsam der Vorrat aus. Wenn ihr in der Richtung was habt, auch in die Messagebox (bitte euren Namen dazu, wenn der genannt werden soll, bei Zitaten bitte immer). <\/p>\n<p>Au\u00dferdem passt hier sogar noch Feedback rein, wenn euch irgendwas mehr oder weniger gut gef\u00e4llt, teilt euch gern mit, vielleicht nehm ichs mir ja tats\u00e4chlich an.<\/p>\n\n<div class=\"wpcf7 no-js\" id=\"wpcf7-f35-o1\" lang=\"de-DE\" dir=\"ltr\" data-wpcf7-id=\"35\">\n<div class=\"screen-reader-response\"><p role=\"status\" aria-live=\"polite\" aria-atomic=\"true\"><\/p> <ul><\/ul><\/div>\n<form action=\"\/index.php\/wp-json\/wp\/v2\/pages\/38#wpcf7-f35-o1\" method=\"post\" class=\"wpcf7-form init\" aria-label=\"Kontaktformular\" novalidate=\"novalidate\" data-status=\"init\">\n<div style=\"display: none;\">\n<input type=\"hidden\" name=\"_wpcf7\" value=\"35\" \/>\n<input type=\"hidden\" name=\"_wpcf7_version\" value=\"6.0.1\" \/>\n<input type=\"hidden\" name=\"_wpcf7_locale\" value=\"de_DE\" \/>\n<input type=\"hidden\" name=\"_wpcf7_unit_tag\" value=\"wpcf7-f35-o1\" \/>\n<input type=\"hidden\" name=\"_wpcf7_container_post\" value=\"0\" \/>\n<input type=\"hidden\" name=\"_wpcf7_posted_data_hash\" value=\"\" \/>\n<\/div>\n<p><label> Dein Name<br \/>\n<span class=\"wpcf7-form-control-wrap\" data-name=\"your-name\"><input size=\"40\" maxlength=\"400\" class=\"wpcf7-form-control wpcf7-text wpcf7-validates-as-required\" autocomplete=\"name\" aria-required=\"true\" aria-invalid=\"false\" value=\"\" type=\"text\" name=\"your-name\" \/><\/span> <\/label>\n<\/p>\n<p><span class=\"wpcf7-form-control-wrap\" data-name=\"menu-444\"><select class=\"wpcf7-form-control wpcf7-select wpcf7-validates-as-required\" aria-required=\"true\" aria-invalid=\"false\" name=\"menu-444\"><option value=\"\"><\/option><option value=\"Themenvorschlag\">Themenvorschlag<\/option><option value=\"Weisheit\">Weisheit<\/option><option value=\"Feedback\">Feedback<\/option><\/select><\/span>\n<\/p>\n<p><label> Deine Nachricht (optional)<br \/>\n<span class=\"wpcf7-form-control-wrap\" data-name=\"your-message\"><textarea cols=\"40\" rows=\"10\" maxlength=\"2000\" class=\"wpcf7-form-control wpcf7-textarea wpcf7-validates-as-required\" aria-required=\"true\" aria-invalid=\"false\" name=\"your-message\"><\/textarea><\/span> <\/label>\n<\/p>\n<p><span class=\"wpcf7-form-control-wrap\" data-name=\"quiz-295\"><label><span class=\"wpcf7-quiz-label\">Wie heist die Hauptstadt von Jordanien?<\/span> <input size=\"40\" class=\"wpcf7-form-control wpcf7-quiz\" autocomplete=\"off\" aria-required=\"true\" aria-invalid=\"false\" type=\"text\" name=\"quiz-295\" \/><\/label><input type=\"hidden\" name=\"_wpcf7_quiz_answer_quiz-295\" value=\"4246fe14287c129e8f9ac2f8a7f72be3\" \/><\/span>\n<\/p>\n<p><input class=\"wpcf7-form-control wpcf7-submit has-spinner\" type=\"submit\" value=\"Senden\" \/>\n<\/p><div class=\"wpcf7-response-output\" aria-hidden=\"true\"><\/div>\n<\/form>\n<\/div>\n\n","protected":false},"excerpt":{"rendered":"<p>Ihr habt Themenvorschl\u00e4ge \u00fcber die Ihr gern mal was lesen m\u00f6chtet? Dann bitte einfach ne kurze Einordnung des Themas in zwei &#8211; drei S\u00e4tzen und nen Quell Link dazu. Eure Vorschl\u00e4ge bleiben anonym und bitte seid mir nicht b\u00f6s, wenn ich nicht jedes Thema aufgreife, ich nehm sie definitiv zur Kenntnis. Au\u00dferdem geht mir nach [&hellip;]<\/p>\n","protected":false},"author":2,"featured_media":0,"parent":0,"menu_order":0,"comment_status":"closed","ping_status":"closed","template":"","meta":{"footnotes":""},"class_list":["post-38","page","type-page","status-publish","czr-hentry"],"_links":{"self":[{"href":"https:\/\/geistige-steinwueste.de\/index.php\/wp-json\/wp\/v2\/pages\/38","targetHints":{"allow":["GET"]}}],"collection":[{"href":"https:\/\/geistige-steinwueste.de\/index.php\/wp-json\/wp\/v2\/pages"}],"about":[{"href":"https:\/\/geistige-steinwueste.de\/index.php\/wp-json\/wp\/v2\/types\/page"}],"author":[{"embeddable":true,"href":"https:\/\/geistige-steinwueste.de\/index.php\/wp-json\/wp\/v2\/users\/2"}],"replies":[{"embeddable":true,"href":"https:\/\/geistige-steinwueste.de\/index.php\/wp-json\/wp\/v2\/comments?post=38"}],"version-history":[{"count":1,"href":"https:\/\/geistige-steinwueste.de\/index.php\/wp-json\/wp\/v2\/pages\/38\/revisions"}],"predecessor-version":[{"id":40,"href":"https:\/\/geistige-steinwueste.de\/index.php\/wp-json\/wp\/v2\/pages\/38\/revisions\/40"}],"wp:attachment":[{"href":"https:\/\/geistige-steinwueste.de\/index.php\/wp-json\/wp\/v2\/media?parent=38"}],"curies":[{"name":"wp","href":"https:\/\/api.w.org\/{rel}","templated":true}]}}